{"id":19,"date":"2018-02-23T09:47:50","date_gmt":"2018-02-23T14:47:50","guid":{"rendered":"httpss:\/\/hectorlarivee.com\/?page_id=19"},"modified":"2018-02-28T16:55:16","modified_gmt":"2018-02-28T21:55:16","slug":"groupe-tomapure","status":"publish","type":"page","link":"https:\/\/hectorlarivee.com\/en\/groupe-tomapure\/","title":{"rendered":"Groupe Tomapure"},"content":{"rendered":"","protected":false},"excerpt":{"rendered":"","protected":false},"author":24,"featured_media":549,"parent":0,"menu_order":0,"comment_status":"closed","ping_status":"closed","template":"tomapure.php","meta":{"footnotes":""},"class_list":["post-19","page","type-page","status-publish","has-post-thumbnail","hentry"],"yoast_head":"<!-- This site is optimized with the Yoast SEO plugin v27.4 - https:\/\/yoast.com\/product\/yoast-seo-wordpress\/ -->\n<title>Groupe Tomapure - Hector Lariv\u00e9e<\/title>\n<meta name=\"description\" content=\"Founded in 2005 by Daniel, Guy, and Michel Lariv\u00e9e as the sister company to Hector Lariv\u00e9e, Groupe Tomapure provides fast food restaurants and retail businesses with fresh, washed and ready to eat fruits and vegetables, with a maximal shelf life.\" \/>\n<meta name=\"robots\" content=\"noindex, follow, max-snippet:-1, max-image-preview:large, max-video-preview:-1\" \/>\n<meta property=\"og:locale\" content=\"en_US\" \/>\n<meta property=\"og:type\" content=\"article\" \/>\n<meta property=\"og:title\" content=\"Groupe Tomapure - Hector Lariv\u00e9e\" \/>\n<meta property=\"og:description\" content=\"Founded in 2005 by Daniel, Guy, and Michel Lariv\u00e9e as the sister company to Hector Lariv\u00e9e, Groupe Tomapure provides fast food restaurants and retail businesses with fresh, washed and ready to eat fruits and vegetables, with a maximal shelf life.\" \/>\n<meta property=\"og:url\" content=\"https:\/\/hectorlarivee.com\/en\/groupe-tomapure\/\" \/>\n<meta property=\"og:site_name\" content=\"Hector Lariv\u00e9e\" \/>\n<meta property=\"article:publisher\" content=\"https:\/\/www.facebook.com\/hectorlariveeinc\/\" \/>\n<meta property=\"article:modified_time\" content=\"2018-02-28T21:55:16+00:00\" \/>\n<meta property=\"og:image\" content=\"https:\/\/hectorlarivee.com\/wp-content\/uploads\/2018\/02\/tomapure.png\" \/>\n\t<meta property=\"og:image:width\" content=\"1200\" \/>\n\t<meta property=\"og:image:height\" content=\"628\" \/>\n\t<meta property=\"og:image:type\" content=\"image\/png\" \/>\n<meta name=\"twitter:card\" content=\"summary_large_image\" \/>\n<meta name=\"twitter:site\" content=\"@hectorhli\" \/>\n<script type=\"application\/ld+json\" class=\"yoast-schema-graph\">{\"@context\":\"https:\\\/\\\/schema.org\",\"@graph\":[{\"@type\":\"WebPage\",\"@id\":\"https:\\\/\\\/hectorlarivee.com\\\/en\\\/groupe-tomapure\\\/\",\"url\":\"https:\\\/\\\/hectorlarivee.com\\\/en\\\/groupe-tomapure\\\/\",\"name\":\"Groupe Tomapure - Hector Lariv\u00e9e\",\"isPartOf\":{\"@id\":\"https:\\\/\\\/hectorlarivee.com\\\/#website\"},\"primaryImageOfPage\":{\"@id\":\"https:\\\/\\\/hectorlarivee.com\\\/en\\\/groupe-tomapure\\\/#primaryimage\"},\"image\":{\"@id\":\"https:\\\/\\\/hectorlarivee.com\\\/en\\\/groupe-tomapure\\\/#primaryimage\"},\"thumbnailUrl\":\"https:\\\/\\\/hectorlarivee.com\\\/wp-content\\\/uploads\\\/2018\\\/02\\\/img_tomapure.jpg\",\"datePublished\":\"2018-02-23T14:47:50+00:00\",\"dateModified\":\"2018-02-28T21:55:16+00:00\",\"description\":\"Founded in 2005 by Daniel, Guy, and Michel Lariv\u00e9e as the sister company to Hector Lariv\u00e9e, Groupe Tomapure provides fast food restaurants and retail businesses with fresh, washed and ready to eat fruits and vegetables, with a maximal shelf life.\",\"breadcrumb\":{\"@id\":\"https:\\\/\\\/hectorlarivee.com\\\/en\\\/groupe-tomapure\\\/#breadcrumb\"},\"inLanguage\":\"en-US\",\"potentialAction\":[{\"@type\":\"ReadAction\",\"target\":[\"https:\\\/\\\/hectorlarivee.com\\\/en\\\/groupe-tomapure\\\/\"]}]},{\"@type\":\"ImageObject\",\"inLanguage\":\"en-US\",\"@id\":\"https:\\\/\\\/hectorlarivee.com\\\/en\\\/groupe-tomapure\\\/#primaryimage\",\"url\":\"https:\\\/\\\/hectorlarivee.com\\\/wp-content\\\/uploads\\\/2018\\\/02\\\/img_tomapure.jpg\",\"contentUrl\":\"https:\\\/\\\/hectorlarivee.com\\\/wp-content\\\/uploads\\\/2018\\\/02\\\/img_tomapure.jpg\",\"width\":1900,\"height\":765},{\"@type\":\"BreadcrumbList\",\"@id\":\"https:\\\/\\\/hectorlarivee.com\\\/en\\\/groupe-tomapure\\\/#breadcrumb\",\"itemListElement\":[{\"@type\":\"ListItem\",\"position\":1,\"name\":\"Accueil\",\"item\":\"https:\\\/\\\/hectorlarivee.com\\\/en\\\/\"},{\"@type\":\"ListItem\",\"position\":2,\"name\":\"Groupe Tomapure\"}]},{\"@type\":\"WebSite\",\"@id\":\"https:\\\/\\\/hectorlarivee.com\\\/#website\",\"url\":\"https:\\\/\\\/hectorlarivee.com\\\/\",\"name\":\"Hector Lariv\u00e9e\",\"description\":\"Just another WordPress site\",\"potentialAction\":[{\"@type\":\"SearchAction\",\"target\":{\"@type\":\"EntryPoint\",\"urlTemplate\":\"https:\\\/\\\/hectorlarivee.com\\\/?s={search_term_string}\"},\"query-input\":{\"@type\":\"PropertyValueSpecification\",\"valueRequired\":true,\"valueName\":\"search_term_string\"}}],\"inLanguage\":\"en-US\"}]}<\/script>\n<!-- \/ Yoast SEO plugin. -->","yoast_head_json":{"title":"Groupe Tomapure - Hector Lariv\u00e9e","description":"Founded in 2005 by Daniel, Guy, and Michel Lariv\u00e9e as the sister company to Hector Lariv\u00e9e, Groupe Tomapure provides fast food restaurants and retail businesses with fresh, washed and ready to eat fruits and vegetables, with a maximal shelf life.","robots":{"index":"noindex","follow":"follow","max-snippet":"max-snippet:-1","max-image-preview":"max-image-preview:large","max-video-preview":"max-video-preview:-1"},"og_locale":"en_US","og_type":"article","og_title":"Groupe Tomapure - Hector Lariv\u00e9e","og_description":"Founded in 2005 by Daniel, Guy, and Michel Lariv\u00e9e as the sister company to Hector Lariv\u00e9e, Groupe Tomapure provides fast food restaurants and retail businesses with fresh, washed and ready to eat fruits and vegetables, with a maximal shelf life.","og_url":"https:\/\/hectorlarivee.com\/en\/groupe-tomapure\/","og_site_name":"Hector Lariv\u00e9e","article_publisher":"https:\/\/www.facebook.com\/hectorlariveeinc\/","article_modified_time":"2018-02-28T21:55:16+00:00","og_image":[{"width":1200,"height":628,"url":"https:\/\/hectorlarivee.com\/wp-content\/uploads\/2018\/02\/tomapure.png","type":"image\/png"}],"twitter_card":"summary_large_image","twitter_site":"@hectorhli","schema":{"@context":"https:\/\/schema.org","@graph":[{"@type":"WebPage","@id":"https:\/\/hectorlarivee.com\/en\/groupe-tomapure\/","url":"https:\/\/hectorlarivee.com\/en\/groupe-tomapure\/","name":"Groupe Tomapure - Hector Lariv\u00e9e","isPartOf":{"@id":"https:\/\/hectorlarivee.com\/#website"},"primaryImageOfPage":{"@id":"https:\/\/hectorlarivee.com\/en\/groupe-tomapure\/#primaryimage"},"image":{"@id":"https:\/\/hectorlarivee.com\/en\/groupe-tomapure\/#primaryimage"},"thumbnailUrl":"https:\/\/hectorlarivee.com\/wp-content\/uploads\/2018\/02\/img_tomapure.jpg","datePublished":"2018-02-23T14:47:50+00:00","dateModified":"2018-02-28T21:55:16+00:00","description":"Founded in 2005 by Daniel, Guy, and Michel Lariv\u00e9e as the sister company to Hector Lariv\u00e9e, Groupe Tomapure provides fast food restaurants and retail businesses with fresh, washed and ready to eat fruits and vegetables, with a maximal shelf life.","breadcrumb":{"@id":"https:\/\/hectorlarivee.com\/en\/groupe-tomapure\/#breadcrumb"},"inLanguage":"en-US","potentialAction":[{"@type":"ReadAction","target":["https:\/\/hectorlarivee.com\/en\/groupe-tomapure\/"]}]},{"@type":"ImageObject","inLanguage":"en-US","@id":"https:\/\/hectorlarivee.com\/en\/groupe-tomapure\/#primaryimage","url":"https:\/\/hectorlarivee.com\/wp-content\/uploads\/2018\/02\/img_tomapure.jpg","contentUrl":"https:\/\/hectorlarivee.com\/wp-content\/uploads\/2018\/02\/img_tomapure.jpg","width":1900,"height":765},{"@type":"BreadcrumbList","@id":"https:\/\/hectorlarivee.com\/en\/groupe-tomapure\/#breadcrumb","itemListElement":[{"@type":"ListItem","position":1,"name":"Accueil","item":"https:\/\/hectorlarivee.com\/en\/"},{"@type":"ListItem","position":2,"name":"Groupe Tomapure"}]},{"@type":"WebSite","@id":"https:\/\/hectorlarivee.com\/#website","url":"https:\/\/hectorlarivee.com\/","name":"Hector Lariv\u00e9e","description":"Just another WordPress site","potentialAction":[{"@type":"SearchAction","target":{"@type":"EntryPoint","urlTemplate":"https:\/\/hectorlarivee.com\/?s={search_term_string}"},"query-input":{"@type":"PropertyValueSpecification","valueRequired":true,"valueName":"search_term_string"}}],"inLanguage":"en-US"}]}},"_links":{"self":[{"href":"https:\/\/hectorlarivee.com\/en\/wp-json\/wp\/v2\/pages\/19","targetHints":{"allow":["GET"]}}],"collection":[{"href":"https:\/\/hectorlarivee.com\/en\/wp-json\/wp\/v2\/pages"}],"about":[{"href":"https:\/\/hectorlarivee.com\/en\/wp-json\/wp\/v2\/types\/page"}],"author":[{"embeddable":true,"href":"https:\/\/hectorlarivee.com\/en\/wp-json\/wp\/v2\/users\/24"}],"replies":[{"embeddable":true,"href":"https:\/\/hectorlarivee.com\/en\/wp-json\/wp\/v2\/comments?post=19"}],"version-history":[{"count":1,"href":"https:\/\/hectorlarivee.com\/en\/wp-json\/wp\/v2\/pages\/19\/revisions"}],"predecessor-version":[{"id":21,"href":"https:\/\/hectorlarivee.com\/en\/wp-json\/wp\/v2\/pages\/19\/revisions\/21"}],"wp:featuredmedia":[{"embeddable":true,"href":"https:\/\/hectorlarivee.com\/en\/wp-json\/wp\/v2\/media\/549"}],"wp:attachment":[{"href":"https:\/\/hectorlarivee.com\/en\/wp-json\/wp\/v2\/media?parent=19"}],"curies":[{"name":"wp","href":"https:\/\/api.w.org\/{rel}","templated":true}]}}